{"id":381,"date":"2025-10-10T10:21:24","date_gmt":"2025-10-10T08:21:24","guid":{"rendered":"https:\/\/www.bert.cat\/equipo\/"},"modified":"2026-02-06T12:23:55","modified_gmt":"2026-02-06T10:23:55","slug":"equipo","status":"publish","type":"page","link":"https:\/\/www.bert.cat\/es\/equipo\/","title":{"rendered":"Equipo"},"content":{"rendered":"<p>[et_pb_section fb_built=\u00bb1&#8243; _builder_version=\u00bb4.27.4&#8243; _module_preset=\u00bbdefault\u00bb custom_padding=\u00bb3px|||||\u00bb global_colors_info=\u00bb{}\u00bb][et_pb_row column_structure=\u00bb1_4,1_2,1_4&#8243; _builder_version=\u00bb4.27.4&#8243; _module_preset=\u00bbdefault\u00bb hover_enabled=\u00bb0&#8243; global_colors_info=\u00bb{}\u00bb sticky_enabled=\u00bb0&#8243;][et_pb_column type=\u00bb1_4&#8243; _builder_version=\u00bb4.27.4&#8243; _module_preset=\u00bbdefault\u00bb global_colors_info=\u00bb{}\u00bb][et_pb_text _builder_version=\u00bb4.27.4&#8243; _module_preset=\u00bbdefault\u00bb custom_padding=\u00bb||0px|||\u00bb global_colors_info=\u00bb{}\u00bb]<\/p>\n<h2>Equipo<\/h2>\n<p>&nbsp;<\/p>\n<p><strong>Albert P\u00e9rez Pons<\/strong><br \/> <em>Dise\u00f1o gr\u00e1fico y direcci\u00f3n de arte<\/em><\/p>\n<p>Emprendo cada proyecto con vocaci\u00f3n de equipo, tanto con las entidades promotoras como con los profesionales asociados por las caracter\u00edsticas de cada propuesta.<\/p>\n<p>He trabajado en diversos \u00e1mbitos, vincul\u00e1ndome especialmente con sectores culturales, sociales y educativos.<\/p>\n<p>A partir del dise\u00f1o gr\u00e1fico y a trav\u00e9s de la experiencia profesional, he ampliado la mirada para tener en cuenta todo lo que envuelve la comunicaci\u00f3n visual y el dise\u00f1o de campa\u00f1as.<\/p>\n<p>Me gusta el dise\u00f1o sencillo, conceptual y creativo.<\/p>\n<p>[\/et_pb_text][\/et_pb_column][et_pb_column type=\u00bb1_2&#8243; _builder_version=\u00bb4.27.4&#8243; _module_preset=\u00bbdefault\u00bb global_colors_info=\u00bb{}\u00bb][et_pb_image src=\u00bbhttps:\/\/www.bert.cat\/wp-content\/uploads\/2025\/10\/C01-AlbertPerez_0267_retall-1200px.jpg\u00bb title_text=\u00bbAlbert P\u00e9rez Pons, dise\u00f1ador gr\u00e1fico\u00bb _builder_version=\u00bb4.27.4&#8243; _module_preset=\u00bbdefault\u00bb global_colors_info=\u00bb{}\u00bb][\/et_pb_image][\/et_pb_column][et_pb_column type=\u00bb1_4&#8243; _builder_version=\u00bb4.27.4&#8243; _module_preset=\u00bbdefault\u00bb global_colors_info=\u00bb{}\u00bb][et_pb_image src=\u00bbhttps:\/\/www.bert.cat\/wp-content\/uploads\/2026\/02\/PHOTO-2019-11-15-14-28-38.jpg\u00bb title_text=\u00bbPHOTO-2019-11-15-14-28-38&#8243; _builder_version=\u00bb4.27.4&#8243; _module_preset=\u00bbdefault\u00bb hover_enabled=\u00bb0&#8243; global_colors_info=\u00bb{}\u00bb sticky_enabled=\u00bb0&#8243;][\/et_pb_image][et_pb_image src=\u00bbhttps:\/\/www.bert.cat\/wp-content\/uploads\/2025\/10\/insta_15_1200.jpg\u00bb title_text=\u00bbinsta_15_1200&#8243; _builder_version=\u00bb4.27.4&#8243; _module_preset=\u00bbdefault\u00bb hover_enabled=\u00bb0&#8243; global_colors_info=\u00bb{}\u00bb sticky_enabled=\u00bb0&#8243;][\/et_pb_image][et_pb_image src=\u00bbhttps:\/\/www.bert.cat\/wp-content\/uploads\/2026\/02\/NVEW5215.jpg\u00bb title_text=\u00bbNVEW5215&#8243; _builder_version=\u00bb4.27.4&#8243; _module_preset=\u00bbdefault\u00bb hover_enabled=\u00bb0&#8243; global_colors_info=\u00bb{}\u00bb sticky_enabled=\u00bb0&#8243;][\/et_pb_image][\/et_pb_column][\/et_pb_row][\/et_pb_section]<\/p>\n","protected":false},"excerpt":{"rendered":"<p>Equipo &nbsp; Albert P\u00e9rez Pons Dise\u00f1o gr\u00e1fico y direcci\u00f3n de arte Emprendo cada proyecto con vocaci\u00f3n de equipo, tanto con las entidades promotoras como con los profesionales asociados por las caracter\u00edsticas de cada propuesta. He trabajado en diversos \u00e1mbitos, vincul\u00e1ndome especialmente con sectores culturales, sociales y educativos. A partir del dise\u00f1o gr\u00e1fico y a trav\u00e9s [&hellip;]<\/p>\n","protected":false},"author":1,"featured_media":0,"parent":0,"menu_order":0,"comment_status":"closed","ping_status":"closed","template":"","meta":{"_acf_changed":false,"_et_pb_use_builder":"on","_et_pb_old_content":"","_et_gb_content_width":"","_vp_format_video_url":"","_vp_image_focal_point":[],"footnotes":""},"class_list":["post-381","page","type-page","status-publish","hentry"],"acf":[],"_links":{"self":[{"href":"https:\/\/www.bert.cat\/es\/wp-json\/wp\/v2\/pages\/381","targetHints":{"allow":["GET"]}}],"collection":[{"href":"https:\/\/www.bert.cat\/es\/wp-json\/wp\/v2\/pages"}],"about":[{"href":"https:\/\/www.bert.cat\/es\/wp-json\/wp\/v2\/types\/page"}],"author":[{"embeddable":true,"href":"https:\/\/www.bert.cat\/es\/wp-json\/wp\/v2\/users\/1"}],"replies":[{"embeddable":true,"href":"https:\/\/www.bert.cat\/es\/wp-json\/wp\/v2\/comments?post=381"}],"version-history":[{"count":21,"href":"https:\/\/www.bert.cat\/es\/wp-json\/wp\/v2\/pages\/381\/revisions"}],"predecessor-version":[{"id":1224,"href":"https:\/\/www.bert.cat\/es\/wp-json\/wp\/v2\/pages\/381\/revisions\/1224"}],"wp:attachment":[{"href":"https:\/\/www.bert.cat\/es\/wp-json\/wp\/v2\/media?parent=381"}],"curies":[{"name":"wp","href":"https:\/\/api.w.org\/{rel}","templated":true}]}}